{"id":3649,"date":"2017-12-19T16:35:27","date_gmt":"2017-12-19T15:35:27","guid":{"rendered":"http:\/\/live.debrige.org\/?page_id=3649"},"modified":"2026-03-11T10:35:32","modified_gmt":"2026-03-11T09:35:32","slug":"publications","status":"publish","type":"page","link":"https:\/\/www.debrige.de\/en\/publications\/","title":{"rendered":"Publications"},"content":{"rendered":"<h3>K\u00f6nigswinter Conferences<\/h3>\n<ol>\n<li><a href=\"https:\/\/www.debrige.de\/2025\/12\/04\/75th-koenigswinter-conference-2025-report-and-impressions\/\">K\u00f6nigswinter Conference Report and Impressions 2025<\/a><\/li>\n<li><a href=\"https:\/\/www.debrige.de\/wp-content\/uploads\/2023\/12\/Deutsch-Britische-Gesellschaft-73rd-Koenigswinter-Conference-Report.pdf\">K\u00f6nigswinter Conference Report 2023<\/a><\/li>\n<li><a href=\"https:\/\/www.debrige.de\/wp-content\/uploads\/2021\/11\/dbg_kwk_doku_2109_FIN.pdf\" target=\"_blank\" rel=\"noopener\">K\u00f6nigswinter Conference Report 2021<\/a><\/li>\n<li><a href=\"https:\/\/www.debrige.de\/wp-content\/uploads\/2023\/10\/Summary-70th-Koenigswinter-Conference.pdf\" target=\"_blank\" rel=\"noopener\">K\u00f6nigswinter Conference Report 2020<\/a><\/li>\n<li><a href=\"https:\/\/www.debrige.de\/wp-content\/uploads\/2019\/07\/Report-69-KWK-WEB.pdf\" target=\"_blank\" rel=\"noopener\">K\u00f6nigswinter Conference Report 2019<\/a><\/li>\n<li><a href=\"https:\/\/www.debrige.de\/wp-content\/uploads\/2023\/10\/The-68th-Koenigswinter-Conference-Brochure.pdf\" target=\"_blank\" rel=\"noopener\">K\u00f6nigswinter Conference Report 2018<\/a><\/li>\n<li><a href=\"\/wp-content\/uploads\/2017\/12\/Report_Webversion_fin.pdf\" target=\"_blank\" rel=\"noopener noreferrer\">K\u00f6nigswinter Conference Report 2017<\/a><\/li>\n<li><a href=\"https:\/\/www.debrige.de\/wp-content\/uploads\/2020\/05\/K\u00f6nigswinter-Conference-Report-2016.pdf\" target=\"_blank\" rel=\"noopener noreferrer\">K\u00f6nigswinter Conference Report 2016<\/a><\/li>\n<li><a href=\"https:\/\/www.debrige.de\/wp-content\/uploads\/2020\/05\/K%C3%B6nigswinter-Conference-Report-2015.pdf\" target=\"_blank\" rel=\"noopener noreferrer\">K\u00f6nigswinter Conference Report 2015<\/a><\/li>\n<li><a href=\"https:\/\/www.debrige.de\/wp-content\/uploads\/2023\/11\/koenigswinter_conferenc_reports_since_1950-2023.pdf\" target=\"_blank\" rel=\"noopener noreferrer\">K\u00f6nigswinter Conference Topics Since 1950<\/a><\/li>\n<\/ol>\n<h3>Young K\u00f6nigswinter Conferences<\/h3>\n<ol>\n<li><a href=\"https:\/\/www.debrige.de\/wp-content\/uploads\/2026\/03\/Young-Konigswinter-Conference-Report-2025-fin.pdf\">Young K\u00f6nigswinter Conference Report 2025<\/a><\/li>\n<li><a href=\"https:\/\/www.debrige.de\/wp-content\/uploads\/2024\/10\/Young-Konigswinter-Conference-Report-2024-fin.pdf\">Young K\u00f6nigswinter Conference Report 2024<\/a><\/li>\n<li><a href=\"https:\/\/www.debrige.de\/wp-content\/uploads\/2023\/12\/Young-Konigswinter-Conference-Report-2023_fin-191223.pdf\">Young K\u00f6nigswinter Conference Report 2023<\/a><\/li>\n<li><a href=\"https:\/\/www.debrige.de\/wp-content\/uploads\/2022\/12\/Young-Konigswinter-Conference-Report-2022-FIN_web.pdf\" target=\"_blank\" rel=\"noopener\">Young K\u00f6nigswinter Conference Report 2022<\/a><\/li>\n<li><a href=\"https:\/\/ykw.debrige.de\/wp-content\/uploads\/2021\/11\/Young-Konigswinter-Conference-Report-2021-web.pdf\" target=\"_blank\" rel=\"noopener\">Young K\u00f6nigswinter Conference Report 2021<\/a><\/li>\n<li><a href=\"https:\/\/ykw.debrige.de\/young-konigswinter-conference-2020\/\" target=\"_blank\" rel=\"noopener\">Young K\u00f6nigswinter Conference Report 2020<\/a><\/li>\n<li><a href=\"https:\/\/www.debrige.de\/wp-content\/uploads\/2019\/10\/Young-Konigswinter-Conference-Report-2019_web.pdf\" target=\"_blank\" rel=\"noopener\">Young K\u00f6nigswinter Conference Report 2019<\/a><\/li>\n<li><a href=\"https:\/\/www.debrige.de\/wp-content\/uploads\/2018\/12\/Young-Konigswinter-Conference-Report_web.pdf\" target=\"_blank\" rel=\"noopener\">Young K\u00f6nigswinter Conference Report 2018<\/a><\/li>\n<li><a href=\"\/wp-content\/uploads\/2017\/07\/Young-Konigswinter-Conference-Report-2017.pdf\" target=\"_blank\" rel=\"noopener noreferrer\">Young K\u00f6nigswinter Conference Report 2017<\/a><\/li>\n<li><a href=\"\/wp-content\/uploads\/2017\/07\/Young-Konigswinter-Conference-Report-2016.pdf\" target=\"_blank\" rel=\"noopener noreferrer\">Young K\u00f6nigswinter Conference Report 2016<\/a><\/li>\n<li><a href=\"\/wp-content\/uploads\/2017\/07\/Young-Konigswinter-Conference-Report-2015.pdf\" target=\"_blank\" rel=\"noopener noreferrer\">Young K\u00f6nigswinter Conference Report 2015<\/a><\/li>\n<\/ol>\n<p>If you are interested in the conference reports from previous years, please contact the Head Office.<\/p>\n<h3>Lectures<\/h3>\n<ol>\n<li><a href=\"https:\/\/www.debrige.de\/wp-content\/uploads\/2025\/12\/Veranstaltungen-2025.pdf\">Events Deutsch-Britische Gesellschaft in Berlin 2025<\/a><\/li>\n<li><a href=\"https:\/\/www.debrige.de\/wp-content\/uploads\/2025\/12\/Veranstaltungen-2024.pdf\">Events Deutsch-Britische Gesellschaft in Berlin 2024<\/a><\/li>\n<li><a href=\"https:\/\/www.debrige.de\/wp-content\/uploads\/2023\/12\/Veranstaltungen-2023_fin.pdf\">Events Deutsch-Britische Gesellschaft in Berlin 2023<\/a><\/li>\n<li><a href=\"https:\/\/www.debrige.de\/wp-content\/uploads\/2023\/06\/Veranstaltungen-2022.pdf\" target=\"_blank\" rel=\"noopener\">Events Deutsch-Britische Gesellschaft in Berlin 2022<\/a><\/li>\n<li><a href=\"https:\/\/www.debrige.de\/wp-content\/uploads\/2022\/04\/Veranstaltungen-2021.pdf\" target=\"_blank\" rel=\"noopener\">Events Deutsch-Britische Gesellschaft in Berlin 2021<\/a><\/li>\n<li><a href=\"https:\/\/www.debrige.de\/wp-content\/uploads\/2021\/07\/Veranstaltungen-2020.pdf\" target=\"_blank\" rel=\"noopener\">Events Deutsch-Britische Gesellschaft in Berlin 2020<\/a><\/li>\n<li><a href=\"https:\/\/www.debrige.de\/wp-content\/uploads\/2020\/05\/Veranstaltungen-2019-Fin.pdf\" target=\"_blank\" rel=\"noopener noreferrer\">Events Deutsch-Britische Gesellschaft in Berlin 2019<\/a><\/li>\n<li><a href=\"https:\/\/www.debrige.de\/wp-content\/uploads\/2019\/02\/Veranstaltungen-2018_ohne-Sonderveranstaltungen.pdf\" target=\"_blank\" rel=\"noopener noreferrer\">Events Deutsch-Britische Gesellschaft in Berlin 2018<\/a><\/li>\n<li><a href=\"\/wp-content\/uploads\/2017\/07\/Veranstaltungen-2017.pdf\" target=\"_blank\" rel=\"noopener noreferrer\">Events Deutsch-Britische Gesellschaft in Berlin 2017<\/a><\/li>\n<li><a href=\"\/wp-content\/uploads\/2017\/07\/Veranstaltungen-2016.pdf\" target=\"_blank\" rel=\"noopener noreferrer\">Events Deutsch-Britische Gesellschaft in Berlin 2016<\/a><\/li>\n<li><a href=\"\/wp-content\/uploads\/2017\/07\/Veranstaltungen-2015.pdf\" target=\"_blank\" rel=\"noopener noreferrer\">Events Deutsch-Britische Gesellschaft in Berlin 2015<\/a><\/li>\n<li><a href=\"\/wp-content\/uploads\/2017\/07\/Veranstaltungen-2014.pdf\" target=\"_blank\" rel=\"noopener noreferrer\">Events Deutsch-Britische Gesellschaft in Berlin 2014<\/a><\/li>\n<li><a href=\"\/wp-content\/uploads\/2017\/07\/Veranstaltungen-2013.pdf\" target=\"_blank\" rel=\"noopener noreferrer\">Events Deutsch-Britische Gesellschaft in Berlin 2013<\/a><\/li>\n<li><a href=\"\/wp-content\/uploads\/2017\/07\/Veranstaltungen-2012.pdf\" target=\"_blank\" rel=\"noopener noreferrer\">Events Deutsch-Britische Gesellschaft in Berlin 2012<\/a><\/li>\n<li><a href=\"\/wp-content\/uploads\/2017\/07\/Veranstaltungen-2011.pdf\" target=\"_blank\" rel=\"noopener noreferrer\">Events Deutsch-Britische Gesellschaft in Berlin 2011<\/a><\/li>\n<li><a href=\"\/wp-content\/uploads\/2017\/07\/Veranstaltungen-1986-2010.pdf\" target=\"_blank\" rel=\"noopener noreferrer\"> Events 1986-2010<\/a><\/li>\n<li><a href=\"\/wp-content\/uploads\/2017\/07\/Speakers-1949-2009.pdf\" target=\"_blank\" rel=\"noopener noreferrer\">List of Speakers 1949-2009<\/a><\/li>\n<\/ol>\n<h3>History<\/h3>\n<ol>\n<li><a href=\"https:\/\/www.debrige.de\/wp-content\/uploads\/2019\/04\/dbg_Jubil\u00e4umsschrift_FIN_April-2.pdf\">\u201eTwo countries in search of their role: a history of the Anglo-German K\u00f6nigswinter Conferences\u201c by Dr Helene von Bismarck (2019)<\/a><\/li>\n<li><a href=\"\/wp-content\/uploads\/2017\/07\/geschichte_mommsen_beerdigung_lm.pdf.pdf\" target=\"_blank\" rel=\"noopener noreferrer\">Wolfgang J. Mommsen\u2019s eulogy for Lilo Milchsack (1992) (in German)<\/a><\/li>\n<li><a href=\"\/wp-content\/uploads\/2017\/07\/KG-von-Hase-zum-Tod-von-Lilo-Milchsack.pdf\" target=\"_blank\" rel=\"noopener noreferrer\">Karl-G\u00fcnther von Hase\u2019s tribute to the life and death of Lilo Milchsack (1999) (in German) <\/a><\/li>\n<li><a href=\"\/wp-content\/uploads\/2017\/07\/l.-milchsack_30jahre_deg_1979.pdf\" target=\"_blank\" rel=\"noopener noreferrer\">Lilo Milchsack zum 30j\u00e4hrigen Bestehen der DEG (1979)<\/a><\/li>\n<li><a href=\"\/wp-content\/uploads\/2017\/07\/l.-milchsack-on-the-30th-anniversary-of-the-deg-1979.pdf\" target=\"_blank\" rel=\"noopener noreferrer\">Lilo Milchsack on the 30th Anniversary of the DEG (1979)<\/a><\/li>\n<\/ol>\n<p><a href=\"http:\/\/www.bundesarchiv.de\/EN\/Navigation\/Home\/home.html\" target=\"_blank\" rel=\"noopener noreferrer\">German Federal Archive<\/a><br \/>\nDocuments of the Deutsch-Britische Gesellschaft filed by the German Federal Archive are itemised here. The Archive is open to all citizens.<\/p>\n","protected":false},"excerpt":{"rendered":"<p>K\u00f6nigswinter Conferences K\u00f6nigswinter Conference Report and Impressions 2025 K\u00f6nigswinter Conference Report 2023 K\u00f6nigswinter Conference Report 2021 K\u00f6nigswinter Conference Report 2020 K\u00f6nigswinter Conference Report\u2026 <a href=\"https:\/\/www.debrige.de\/en\/publications\/\" class=\"arrow\">Weiterlesen<\/a><\/p>\n","protected":false},"author":10,"featured_media":0,"parent":0,"menu_order":0,"comment_status":"closed","ping_status":"closed","template":"","meta":{"inline_featured_image":false,"footnotes":""},"class_list":["post-3649","page","type-page","status-publish","hentry"],"jetpack_sharing_enabled":true,"jetpack_shortlink":"https:\/\/wp.me\/P9sXiX-WR","_links":{"self":[{"href":"https:\/\/www.debrige.de\/en\/wp-json\/wp\/v2\/pages\/3649","targetHints":{"allow":["GET"]}}],"collection":[{"href":"https:\/\/www.debrige.de\/en\/wp-json\/wp\/v2\/pages"}],"about":[{"href":"https:\/\/www.debrige.de\/en\/wp-json\/wp\/v2\/types\/page"}],"author":[{"embeddable":true,"href":"https:\/\/www.debrige.de\/en\/wp-json\/wp\/v2\/users\/10"}],"replies":[{"embeddable":true,"href":"https:\/\/www.debrige.de\/en\/wp-json\/wp\/v2\/comments?post=3649"}],"version-history":[{"count":28,"href":"https:\/\/www.debrige.de\/en\/wp-json\/wp\/v2\/pages\/3649\/revisions"}],"predecessor-version":[{"id":10335,"href":"https:\/\/www.debrige.de\/en\/wp-json\/wp\/v2\/pages\/3649\/revisions\/10335"}],"wp:attachment":[{"href":"https:\/\/www.debrige.de\/en\/wp-json\/wp\/v2\/media?parent=3649"}],"curies":[{"name":"wp","href":"https:\/\/api.w.org\/{rel}","templated":true}]}}