{"id":3654,"date":"2017-08-23T15:40:07","date_gmt":"2017-08-23T13:40:07","guid":{"rendered":"http:\/\/live.debrige.org\/network\/duesseldorf\/"},"modified":"2021-07-02T11:11:14","modified_gmt":"2021-07-02T09:11:14","slug":"duesseldorf","status":"publish","type":"page","link":"https:\/\/www.debrige.de\/en\/network\/duesseldorf\/","title":{"rendered":"Deutsch-Britische Gesellschaft e.V. (Sitz: D\u00fcsseldorf)"},"content":{"rendered":"<p>Am Carsch-Haus in der Altstadt kann man es auf einer Bronzetafel nachlesen: In D\u00fcsseldorf wurde 1949 die Deutsch-Englische Gesellschaft von D\u00fcsseldorfer B\u00fcrgern auf Initiative von Lilo und Hans Milchsack und mit der Unterst\u00fctzung von Robert Birley, damals Educational Adviser to the British Military Government in Germany gegr\u00fcndet. Ziel war die F\u00f6rderung der Verst\u00e4ndigung zwischen den einstigen Kriegsgegnern. Schon kurz danach organisierte Lilo Milchsack in ihrem Haus in D\u00fcsseldorf-Wittlaer 1950 die erste Konferenz, die sp\u00e4ter als K\u00f6nigswinter Konferenz weitergef\u00fchrt wurde und die von Anfang an zu einem Markenzeichen informeller, fruchtbarer internationaler Diplomatie wurde. Die Hauptgesch\u00e4ftsstelle befand sich 33 Jahre in D\u00fcsseldorf (bis sie 1982 nach Bonn und schlie\u00dflich 1998 nach Berlin zog).<\/p>\n<p>Die Deutsch-Britische Gesellschaft D\u00fcsseldorf hat circa 190 Mitglieder. Wir veranstalten regelm\u00e4\u00dfig Vortr\u00e4ge, die in der Regel im Goethemuseum Schlo\u00df J\u00e4gerhof, Jacobistra\u00dfe stattfinden. Die Vortr\u00e4ge befassen sich mit politischen, wirtschaftlichen und kulturellen Themen. Was sie f\u00fcr viele unserer Zuh\u00f6rer besonders reizvoll macht, ist die rhetorische und sprachliche Brillanz unserer britischen Redner. Beim Umtrunk nach den Vortr\u00e4gen bietet sich allen eine gute Gelegenheit, mit dem Redner und auch untereinander ins Gespr\u00e4ch zu kommen.<\/p>\n<p>Unser Vortragsprogramm wird erg\u00e4nzt durch gelegentliche Veranstaltungen in Kooperation mit dem Britischen Generalkonsulat in D\u00fcsseldorf, der British Chamber of Commerce in Germany (BCCG) oder dem Industrieclub sowie kulturelle Veranstaltungen wie zum Beispiel Theaterbesuche beim Shakespeare-Festival im \u201eGlobe\u201c in Neuss.<\/p>\n<h3>Bitte beachten Sie auch diese anglophilen Organisationen in D\u00fcsseldorf<\/h3>\n<ol>\n<li><a href=\"https:\/\/www.gov.uk\/world\/organisations\/british-embassy-berlin\" target=\"_blank\" rel=\"noopener\">Britisches Generalkonsulat, D\u00fcsseldorf<\/a><\/li>\n<li><a href=\"http:\/\/www.bccg.de\/bccg_nrw\/home_nrhinewest.html\" target=\"_blank\" rel=\"noopener\">British Chamber of Commerce in Germany, NRW<\/a><\/li>\n<li><a href=\"https:\/\/www.britishbusinessclub.de\" target=\"_blank\" rel=\"noopener\">British Business Club D\u00fcsseldorf<\/a><\/li>\n<li><a href=\"http:\/\/www.bwcduesseldorf.org\" target=\"_blank\" rel=\"noopener\">British Women\u2019s Club D\u00fcsseldorf<\/a><\/li>\n<li><a href=\"http:\/\/www.international-library.de\/\" target=\"_blank\" rel=\"noopener\">International English Library<\/a><\/li>\n<li><a href=\"http:\/\/www.esc-duesseldorf.de\/news\/\" target=\"_blank\" rel=\"noopener\">English Speakers\u2019 Circle<\/a><\/li>\n<\/ol>\n<h3>Impressionen<\/h3>\n<p><strong>D\u00fcsseldorf Airport Tour am 1.2.2017<\/strong> Fotos: \u00a9 Wilfried Meyer<\/p>\n<div class=\"tiled-gallery type-rectangular tiled-gallery-unresized\" data-original-width=\"900\" data-carousel-extra='{&quot;blog_id&quot;:1,&quot;permalink&quot;:&quot;https:\\\/\\\/www.debrige.de\\\/en\\\/network\\\/duesseldorf\\\/&quot;,&quot;likes_blog_id&quot;:139888179}' itemscope itemtype=\"http:\/\/schema.org\/ImageGallery\" > <div class=\"gallery-row\" style=\"width: 900px; height: 301px;\" data-original-width=\"900\" data-original-height=\"301\" > <div class=\"gallery-group images-1\" style=\"width: 450px; height: 301px;\" data-original-width=\"450\" data-original-height=\"301\" > <div class=\"tiled-gallery-item tiled-gallery-item-large\" itemprop=\"associatedMedia\" itemscope itemtype=\"http:\/\/schema.org\/ImageObject\"> <meta itemprop=\"width\" content=\"446\"> <meta itemprop=\"height\" content=\"297\"> <img decoding=\"async\" class=\"\" data-attachment-id=\"4009\" data-orig-file=\"https:\/\/www.debrige.de\/wp-content\/uploads\/2017\/08\/d\u00fcsseldorf-airport-tour-am-1.2.2017_esr2316a.jpg\" data-orig-size=\"1600,1066\" data-comments-opened=\"\" data-image-meta=\"{&quot;aperture&quot;:&quot;0&quot;,&quot;credit&quot;:&quot;&quot;,&quot;camera&quot;:&quot;&quot;,&quot;caption&quot;:&quot;&quot;,&quot;created_timestamp&quot;:&quot;0&quot;,&quot;copyright&quot;:&quot;&quot;,&quot;focal_length&quot;:&quot;0&quot;,&quot;iso&quot;:&quot;0&quot;,&quot;shutter_speed&quot;:&quot;0&quot;,&quot;title&quot;:&quot;&quot;,&quot;orientation&quot;:&quot;0&quot;}\" data-image-title=\"d\u00fcsseldorf-airport-tour-am-1.2.2017_esr2316a\" data-image-description=\"\" data-medium-file=\"https:\/\/i0.wp.com\/www.debrige.de\/wp-content\/uploads\/2017\/08\/d%C3%BCsseldorf-airport-tour-am-1.2.2017_esr2316a.jpg?fit=300%2C200&#038;ssl=1\" data-large-file=\"https:\/\/i0.wp.com\/www.debrige.de\/wp-content\/uploads\/2017\/08\/d%C3%BCsseldorf-airport-tour-am-1.2.2017_esr2316a.jpg?fit=900%2C599&#038;ssl=1\" src=\"https:\/\/i0.wp.com\/www.debrige.de\/wp-content\/uploads\/2017\/08\/d%C3%BCsseldorf-airport-tour-am-1.2.2017_esr2316a.jpg?w=446&#038;h=297&#038;ssl=1\" width=\"446\" height=\"297\" loading=\"lazy\" data-original-width=\"446\" data-original-height=\"297\" itemprop=\"http:\/\/schema.org\/image\" title=\"d\u00fcsseldorf-airport-tour-am-1.2.2017_esr2316a\" alt=\"D\u00fcsseldorf Airport Tour am 1.2.2017\" style=\"width: 446px; height: 297px;\" \/> <div class=\"tiled-gallery-caption\" itemprop=\"caption description\"> D\u00fcsseldorf Airport Tour am 1.2.2017 <\/div> <\/div> <\/div> <!-- close group --> <div class=\"gallery-group images-1\" style=\"width: 450px; height: 301px;\" data-original-width=\"450\" data-original-height=\"301\" > <div class=\"tiled-gallery-item tiled-gallery-item-large\" itemprop=\"associatedMedia\" itemscope itemtype=\"http:\/\/schema.org\/ImageObject\"> <meta itemprop=\"width\" content=\"446\"> <meta itemprop=\"height\" content=\"297\"> <img decoding=\"async\" class=\"\" data-attachment-id=\"4010\" data-orig-file=\"https:\/\/www.debrige.de\/wp-content\/uploads\/2017\/08\/d\u00fcsseldorf-airport-tour-am-1.2.2017_esr2340a.jpg\" data-orig-size=\"1600,1066\" data-comments-opened=\"\" data-image-meta=\"{&quot;aperture&quot;:&quot;0&quot;,&quot;credit&quot;:&quot;&quot;,&quot;camera&quot;:&quot;&quot;,&quot;caption&quot;:&quot;&quot;,&quot;created_timestamp&quot;:&quot;0&quot;,&quot;copyright&quot;:&quot;&quot;,&quot;focal_length&quot;:&quot;0&quot;,&quot;iso&quot;:&quot;0&quot;,&quot;shutter_speed&quot;:&quot;0&quot;,&quot;title&quot;:&quot;&quot;,&quot;orientation&quot;:&quot;0&quot;}\" data-image-title=\"d\u00fcsseldorf-airport-tour-am-1.2.2017_esr2340a\" data-image-description=\"\" data-medium-file=\"https:\/\/i0.wp.com\/www.debrige.de\/wp-content\/uploads\/2017\/08\/d%C3%BCsseldorf-airport-tour-am-1.2.2017_esr2340a.jpg?fit=300%2C200&#038;ssl=1\" data-large-file=\"https:\/\/i0.wp.com\/www.debrige.de\/wp-content\/uploads\/2017\/08\/d%C3%BCsseldorf-airport-tour-am-1.2.2017_esr2340a.jpg?fit=900%2C599&#038;ssl=1\" src=\"https:\/\/i0.wp.com\/www.debrige.de\/wp-content\/uploads\/2017\/08\/d%C3%BCsseldorf-airport-tour-am-1.2.2017_esr2340a.jpg?w=446&#038;h=297&#038;ssl=1\" width=\"446\" height=\"297\" loading=\"lazy\" data-original-width=\"446\" data-original-height=\"297\" itemprop=\"http:\/\/schema.org\/image\" title=\"d\u00fcsseldorf-airport-tour-am-1.2.2017_esr2340a\" alt=\"D\u00fcsseldorf Airport Tour am 1.2.2017\" style=\"width: 446px; height: 297px;\" \/> <div class=\"tiled-gallery-caption\" itemprop=\"caption description\"> D\u00fcsseldorf Airport Tour am 1.2.2017 <\/div> <\/div> <\/div> <!-- close group --> <\/div> <!-- close row --> <\/div>\n<p><strong>Rhine River Cruise in D\u00fcsseldorf anl\u00e4sslich des &#8220;Diamond Jubilee&#8221; von Queen Elizabeth II.<\/strong><\/p>\n<div class=\"tiled-gallery type-rectangular tiled-gallery-unresized\" data-original-width=\"900\" data-carousel-extra='{&quot;blog_id&quot;:1,&quot;permalink&quot;:&quot;https:\\\/\\\/www.debrige.de\\\/en\\\/network\\\/duesseldorf\\\/&quot;,&quot;likes_blog_id&quot;:139888179}' itemscope itemtype=\"http:\/\/schema.org\/ImageGallery\" > <div class=\"gallery-row\" style=\"width: 900px; height: 326px;\" data-original-width=\"900\" data-original-height=\"326\" > <div class=\"gallery-group images-1\" style=\"width: 450px; height: 326px;\" data-original-width=\"450\" data-original-height=\"326\" > <div class=\"tiled-gallery-item tiled-gallery-item-large\" itemprop=\"associatedMedia\" itemscope itemtype=\"http:\/\/schema.org\/ImageObject\"> <meta itemprop=\"width\" content=\"446\"> <meta itemprop=\"height\" content=\"322\"> <img decoding=\"async\" class=\"\" data-attachment-id=\"4011\" data-orig-file=\"https:\/\/www.debrige.de\/wp-content\/uploads\/2017\/08\/dbg_due_cruise2.jpg\" data-orig-size=\"500,361\" data-comments-opened=\"\" data-image-meta=\"{&quot;aperture&quot;:&quot;0&quot;,&quot;credit&quot;:&quot;&quot;,&quot;camera&quot;:&quot;&quot;,&quot;caption&quot;:&quot;&quot;,&quot;created_timestamp&quot;:&quot;0&quot;,&quot;copyright&quot;:&quot;&quot;,&quot;focal_length&quot;:&quot;0&quot;,&quot;iso&quot;:&quot;0&quot;,&quot;shutter_speed&quot;:&quot;0&quot;,&quot;title&quot;:&quot;&quot;,&quot;orientation&quot;:&quot;0&quot;}\" data-image-title=\"dbg_due_cruise2\" data-image-description=\"\" data-medium-file=\"https:\/\/i0.wp.com\/www.debrige.de\/wp-content\/uploads\/2017\/08\/dbg_due_cruise2.jpg?fit=300%2C217&#038;ssl=1\" data-large-file=\"https:\/\/i0.wp.com\/www.debrige.de\/wp-content\/uploads\/2017\/08\/dbg_due_cruise2.jpg?fit=500%2C361&#038;ssl=1\" src=\"https:\/\/i0.wp.com\/www.debrige.de\/wp-content\/uploads\/2017\/08\/dbg_due_cruise2.jpg?w=446&#038;h=322&#038;ssl=1\" srcset=\"https:\/\/i0.wp.com\/www.debrige.de\/wp-content\/uploads\/2017\/08\/dbg_due_cruise2.jpg?w=500&amp;ssl=1 500w, https:\/\/i0.wp.com\/www.debrige.de\/wp-content\/uploads\/2017\/08\/dbg_due_cruise2.jpg?resize=300%2C217&amp;ssl=1 300w\" width=\"446\" height=\"322\" loading=\"lazy\" data-original-width=\"446\" data-original-height=\"322\" itemprop=\"http:\/\/schema.org\/image\" title=\"dbg_due_cruise2\" alt=\"Presseecho zur Rhine River Cruise in D\u00fcsseldorf anl\u00e4sslich des &quot;Diamond Jubilee&quot; von Queen Elizabeth II.\" style=\"width: 446px; height: 322px;\" \/> <div class=\"tiled-gallery-caption\" itemprop=\"caption description\"> Presseecho zur Rhine River Cruise in D\u00fcsseldorf anl\u00e4sslich des &#8220;Diamond Jubilee&#8221; von Queen Elizabeth II. <\/div> <\/div> <\/div> <!-- close group --> <div class=\"gallery-group images-1\" style=\"width: 450px; height: 326px;\" data-original-width=\"450\" data-original-height=\"326\" > <div class=\"tiled-gallery-item tiled-gallery-item-large\" itemprop=\"associatedMedia\" itemscope itemtype=\"http:\/\/schema.org\/ImageObject\"> <meta itemprop=\"width\" content=\"446\"> <meta itemprop=\"height\" content=\"322\"> <img decoding=\"async\" class=\"\" data-attachment-id=\"4012\" data-orig-file=\"https:\/\/www.debrige.de\/wp-content\/uploads\/2017\/08\/dbg_due_cruise1.jpeg\" data-orig-size=\"500,361\" data-comments-opened=\"\" data-image-meta=\"{&quot;aperture&quot;:&quot;0&quot;,&quot;credit&quot;:&quot;&quot;,&quot;camera&quot;:&quot;&quot;,&quot;caption&quot;:&quot;&quot;,&quot;created_timestamp&quot;:&quot;0&quot;,&quot;copyright&quot;:&quot;&quot;,&quot;focal_length&quot;:&quot;0&quot;,&quot;iso&quot;:&quot;0&quot;,&quot;shutter_speed&quot;:&quot;0&quot;,&quot;title&quot;:&quot;&quot;,&quot;orientation&quot;:&quot;0&quot;}\" data-image-title=\"dbg_due_cruise1\" data-image-description=\"\" data-medium-file=\"https:\/\/i0.wp.com\/www.debrige.de\/wp-content\/uploads\/2017\/08\/dbg_due_cruise1.jpeg?fit=300%2C217&#038;ssl=1\" data-large-file=\"https:\/\/i0.wp.com\/www.debrige.de\/wp-content\/uploads\/2017\/08\/dbg_due_cruise1.jpeg?fit=500%2C361&#038;ssl=1\" src=\"https:\/\/i0.wp.com\/www.debrige.de\/wp-content\/uploads\/2017\/08\/dbg_due_cruise1.jpeg?w=446&#038;h=322&#038;ssl=1\" srcset=\"https:\/\/i0.wp.com\/www.debrige.de\/wp-content\/uploads\/2017\/08\/dbg_due_cruise1.jpeg?w=500&amp;ssl=1 500w, https:\/\/i0.wp.com\/www.debrige.de\/wp-content\/uploads\/2017\/08\/dbg_due_cruise1.jpeg?resize=300%2C217&amp;ssl=1 300w\" width=\"446\" height=\"322\" loading=\"lazy\" data-original-width=\"446\" data-original-height=\"322\" itemprop=\"http:\/\/schema.org\/image\" title=\"dbg_due_cruise1\" alt=\"Presseecho zur Rhine River Cruise in D\u00fcsseldorf anl\u00e4sslich des &quot;Diamond Jubilee&quot; von Queen Elizabeth II.\" style=\"width: 446px; height: 322px;\" \/> <div class=\"tiled-gallery-caption\" itemprop=\"caption description\"> Presseecho zur Rhine River Cruise in D\u00fcsseldorf anl\u00e4sslich des &#8220;Diamond Jubilee&#8221; von Queen Elizabeth II. <\/div> <\/div> <\/div> <!-- close group --> <\/div> <!-- close row --> <\/div>\n<p><strong>Europatag am 12.5.2012<\/strong><\/p>\n<div class=\"tiled-gallery type-rectangular tiled-gallery-unresized\" data-original-width=\"900\" data-carousel-extra='{&quot;blog_id&quot;:1,&quot;permalink&quot;:&quot;https:\\\/\\\/www.debrige.de\\\/en\\\/network\\\/duesseldorf\\\/&quot;,&quot;likes_blog_id&quot;:139888179}' itemscope itemtype=\"http:\/\/schema.org\/ImageGallery\" > <div class=\"gallery-row\" style=\"width: 900px; height: 339px;\" data-original-width=\"900\" data-original-height=\"339\" > <div class=\"gallery-group images-1\" style=\"width: 450px; height: 339px;\" data-original-width=\"450\" data-original-height=\"339\" > <div class=\"tiled-gallery-item tiled-gallery-item-large\" itemprop=\"associatedMedia\" itemscope itemtype=\"http:\/\/schema.org\/ImageObject\"> <meta itemprop=\"width\" content=\"446\"> <meta itemprop=\"height\" content=\"335\"> <img decoding=\"async\" class=\"\" data-attachment-id=\"4013\" data-orig-file=\"https:\/\/www.debrige.de\/wp-content\/uploads\/2017\/08\/dbg_due_eurotag1.jpg\" data-orig-size=\"500,375\" data-comments-opened=\"\" data-image-meta=\"{&quot;aperture&quot;:&quot;0&quot;,&quot;credit&quot;:&quot;&quot;,&quot;camera&quot;:&quot;&quot;,&quot;caption&quot;:&quot;&quot;,&quot;created_timestamp&quot;:&quot;0&quot;,&quot;copyright&quot;:&quot;&quot;,&quot;focal_length&quot;:&quot;0&quot;,&quot;iso&quot;:&quot;0&quot;,&quot;shutter_speed&quot;:&quot;0&quot;,&quot;title&quot;:&quot;&quot;,&quot;orientation&quot;:&quot;0&quot;}\" data-image-title=\"dbg_due_eurotag1\" data-image-description=\"\" data-medium-file=\"https:\/\/i0.wp.com\/www.debrige.de\/wp-content\/uploads\/2017\/08\/dbg_due_eurotag1.jpg?fit=300%2C225&#038;ssl=1\" data-large-file=\"https:\/\/i0.wp.com\/www.debrige.de\/wp-content\/uploads\/2017\/08\/dbg_due_eurotag1.jpg?fit=500%2C375&#038;ssl=1\" src=\"https:\/\/i0.wp.com\/www.debrige.de\/wp-content\/uploads\/2017\/08\/dbg_due_eurotag1.jpg?w=446&#038;h=335&#038;ssl=1\" srcset=\"https:\/\/i0.wp.com\/www.debrige.de\/wp-content\/uploads\/2017\/08\/dbg_due_eurotag1.jpg?w=500&amp;ssl=1 500w, https:\/\/i0.wp.com\/www.debrige.de\/wp-content\/uploads\/2017\/08\/dbg_due_eurotag1.jpg?resize=300%2C225&amp;ssl=1 300w\" width=\"446\" height=\"335\" loading=\"lazy\" data-original-width=\"446\" data-original-height=\"335\" itemprop=\"http:\/\/schema.org\/image\" title=\"dbg_due_eurotag1\" alt=\"dbg_due_eurotag1\" style=\"width: 446px; height: 335px;\" \/> <\/div> <\/div> <!-- close group --> <div class=\"gallery-group images-1\" style=\"width: 450px; height: 339px;\" data-original-width=\"450\" data-original-height=\"339\" > <div class=\"tiled-gallery-item tiled-gallery-item-large\" itemprop=\"associatedMedia\" itemscope itemtype=\"http:\/\/schema.org\/ImageObject\"> <meta itemprop=\"width\" content=\"446\"> <meta itemprop=\"height\" content=\"335\"> <img decoding=\"async\" class=\"\" data-attachment-id=\"4014\" data-orig-file=\"https:\/\/www.debrige.de\/wp-content\/uploads\/2017\/08\/dbg_due_eurotag2.jpg\" data-orig-size=\"500,375\" data-comments-opened=\"\" data-image-meta=\"{&quot;aperture&quot;:&quot;0&quot;,&quot;credit&quot;:&quot;&quot;,&quot;camera&quot;:&quot;&quot;,&quot;caption&quot;:&quot;&quot;,&quot;created_timestamp&quot;:&quot;0&quot;,&quot;copyright&quot;:&quot;&quot;,&quot;focal_length&quot;:&quot;0&quot;,&quot;iso&quot;:&quot;0&quot;,&quot;shutter_speed&quot;:&quot;0&quot;,&quot;title&quot;:&quot;&quot;,&quot;orientation&quot;:&quot;0&quot;}\" data-image-title=\"dbg_due_eurotag2\" data-image-description=\"\" data-medium-file=\"https:\/\/i0.wp.com\/www.debrige.de\/wp-content\/uploads\/2017\/08\/dbg_due_eurotag2.jpg?fit=300%2C225&#038;ssl=1\" data-large-file=\"https:\/\/i0.wp.com\/www.debrige.de\/wp-content\/uploads\/2017\/08\/dbg_due_eurotag2.jpg?fit=500%2C375&#038;ssl=1\" src=\"https:\/\/i0.wp.com\/www.debrige.de\/wp-content\/uploads\/2017\/08\/dbg_due_eurotag2.jpg?w=446&#038;h=335&#038;ssl=1\" srcset=\"https:\/\/i0.wp.com\/www.debrige.de\/wp-content\/uploads\/2017\/08\/dbg_due_eurotag2.jpg?w=500&amp;ssl=1 500w, https:\/\/i0.wp.com\/www.debrige.de\/wp-content\/uploads\/2017\/08\/dbg_due_eurotag2.jpg?resize=300%2C225&amp;ssl=1 300w\" width=\"446\" height=\"335\" loading=\"lazy\" data-original-width=\"446\" data-original-height=\"335\" itemprop=\"http:\/\/schema.org\/image\" title=\"dbg_due_eurotag2\" alt=\"dbg_due_eurotag2\" style=\"width: 446px; height: 335px;\" \/> <\/div> <\/div> <!-- close group --> <\/div> <!-- close row --> <\/div>\n<p><strong>Europatag in D\u00fcsseldorf am 7.5.2011<\/strong><br \/>\n<img data-recalc-dims=\"1\" loading=\"lazy\" decoding=\"async\" class=\"alignnone size-full wp-image-3307\" src=\"https:\/\/i0.wp.com\/www.debrige.de\/wp-content\/uploads\/2017\/08\/dbg_deu_europatag1.jpg?resize=500%2C347&#038;ssl=1\" alt=\"\" width=\"500\" height=\"347\" srcset=\"https:\/\/i0.wp.com\/www.debrige.de\/wp-content\/uploads\/2017\/08\/dbg_deu_europatag1.jpg?w=500&amp;ssl=1 500w, https:\/\/i0.wp.com\/www.debrige.de\/wp-content\/uploads\/2017\/08\/dbg_deu_europatag1.jpg?resize=300%2C208&amp;ssl=1 300w\" sizes=\"auto, (max-width: 500px) 100vw, 500px\" \/><\/p>\n<h3>Nachrichten, Presse-Echo<\/h3>\n<ol>\n<li><a href=\"\/wp-content\/uploads\/pdf\/dbg_due_abschied_scott_2013.pdf\" target=\"_blank\" rel=\"noopener\">Abschied Generalkonsul Malcolm Scott, RP, Juli 2013<\/a><\/li>\n<li><a href=\"\/wp-content\/uploads\/pdf\/dbg_due_rp_27_10_12.pdf\" target=\"_blank\" rel=\"noopener\">Britischer Botschafter in D\u00fcsseldorf, RP, 27.10.12<\/a><\/li>\n<li><a href=\"\/wp-content\/uploads\/pdf\/dbg_due_rp_16_9_11.pdf\" target=\"_blank\" rel=\"noopener\">Botschafter McDonald in D\u00fcsseldorf, RP, 16.9.11<\/a><\/li>\n<li><a href=\"\/wp-content\/uploads\/pdf\/dbg_d___reheindalen.pdf\" target=\"_blank\" rel=\"noopener\">Hauptquartier der British Garrison Rheindalen<\/a><\/li>\n<li><a href=\"\/wp-content\/uploads\/pdf\/dbg_d__ss_interview_brit_botschafter.pdf\" target=\"_blank\" rel=\"noopener\">Interview mit dem britischen Botschafter, RP, 9.6.10<\/a><\/li>\n<li><a href=\"\/wp-content\/uploads\/pdf\/dbg_d__ss_rp_vodafone_4_6_10.pdf\" target=\"_blank\" rel=\"noopener\">Bericht zur Podiumsdiskussion: GB nach der Wahl, RP, 5.6.10<\/a><\/li>\n<li><a href=\"\/wp-content\/uploads\/pdf\/bundesverdienstkreuz_t_stein.pdf\" target=\"_blank\" rel=\"noopener\">Bundesverdienstkreuz f\u00fcr Thomas Stein, 14.12.2009<\/a><\/li>\n<li><a href=\"\/wp-content\/uploads\/pdf\/presse_rede_bri_generalkonsul_rp_6_11_09.pdf\" target=\"_blank\" rel=\"noopener\">Neuer Britischer Generalkonsul in D\u00fcsseldorf, RP, 6.11.09<\/a><\/li>\n<li><a href=\"\/wp-content\/uploads\/pdf\/due_tibber_abschiedsrede_09_06_09.pdf\" target=\"_blank\" rel=\"noopener\">Abschiedsrede des Britischen Generalkonsuls Dr. Peter Tibber am 9. Juni 2009 in D\u00fcsseldorf<\/a><\/li>\n<li><a href=\"\/wp-content\/uploads\/pdf\/presse_rp_abschied_tibber_11_06_09.pdf\" target=\"_blank\" rel=\"noopener\">Abschied vom britischen Generalkonsul, RP, 11.6.09<\/a><\/li>\n<li><a href=\"\/wp-content\/uploads\/pdf\/presse_rp_abschied_tibber_nurtext_11_6_09.pdf\" target=\"_blank\" rel=\"noopener\">Abschied vom britischen Generalkonsul, RP, 11.6.09, nur Text<\/a><\/li>\n<\/ol>\n","protected":false},"excerpt":{"rendered":"<p>Am Carsch-Haus in der Altstadt kann man es auf einer Bronzetafel nachlesen: In D\u00fcsseldorf wurde 1949 die Deutsch-Englische Gesellschaft von D\u00fcsseldorfer B\u00fcrgern auf\u2026 <a href=\"https:\/\/www.debrige.de\/en\/network\/duesseldorf\/\" class=\"arrow\">Weiterlesen<\/a><\/p>\n","protected":false},"author":3,"featured_media":0,"parent":3526,"menu_order":0,"comment_status":"closed","ping_status":"closed","template":"page-templates\/standorte.php","meta":{"inline_featured_image":false,"footnotes":""},"class_list":["post-3654","page","type-page","status-publish","hentry"],"jetpack_sharing_enabled":true,"jetpack_shortlink":"https:\/\/wp.me\/P9sXiX-WW","_links":{"self":[{"href":"https:\/\/www.debrige.de\/en\/wp-json\/wp\/v2\/pages\/3654","targetHints":{"allow":["GET"]}}],"collection":[{"href":"https:\/\/www.debrige.de\/en\/wp-json\/wp\/v2\/pages"}],"about":[{"href":"https:\/\/www.debrige.de\/en\/wp-json\/wp\/v2\/types\/page"}],"author":[{"embeddable":true,"href":"https:\/\/www.debrige.de\/en\/wp-json\/wp\/v2\/users\/3"}],"replies":[{"embeddable":true,"href":"https:\/\/www.debrige.de\/en\/wp-json\/wp\/v2\/comments?post=3654"}],"version-history":[{"count":3,"href":"https:\/\/www.debrige.de\/en\/wp-json\/wp\/v2\/pages\/3654\/revisions"}],"predecessor-version":[{"id":6743,"href":"https:\/\/www.debrige.de\/en\/wp-json\/wp\/v2\/pages\/3654\/revisions\/6743"}],"up":[{"embeddable":true,"href":"https:\/\/www.debrige.de\/en\/wp-json\/wp\/v2\/pages\/3526"}],"wp:attachment":[{"href":"https:\/\/www.debrige.de\/en\/wp-json\/wp\/v2\/media?parent=3654"}],"curies":[{"name":"wp","href":"https:\/\/api.w.org\/{rel}","templated":true}]}}