{"id":3671,"date":"2017-10-16T15:23:33","date_gmt":"2017-10-16T13:23:33","guid":{"rendered":"http:\/\/live.debrige.org\/network\/schleswig-flensburg\/"},"modified":"2022-10-24T12:58:44","modified_gmt":"2022-10-24T10:58:44","slug":"schleswig-flensburg","status":"publish","type":"page","link":"https:\/\/www.debrige.de\/en\/network\/schleswig-flensburg\/","title":{"rendered":"Deutsch-Britische Gesellschaft Schleswig-Holstein (Schleswig\/Flensburg)"},"content":{"rendered":"<p>Die Deutsch-Britische Gesellschaft Schleswig-Holstein hat sich offiziell aufgel\u00f6st. Sie bleibt f\u00fcr den Kontakt verf\u00fcgbar und informelle Treffen finden laut Vereinbarung mit den Mitgliedern weiterhin in der Akademie Sankelmark statt.<\/p>\n","protected":false},"excerpt":{"rendered":"<p>Die Deutsch-Britische Gesellschaft Schleswig-Holstein hat sich offiziell aufgel\u00f6st. Sie bleibt f\u00fcr den Kontakt verf\u00fcgbar und informelle Treffen finden laut Vereinbarung mit den Mitgliedern\u2026 <a href=\"https:\/\/www.debrige.de\/en\/network\/schleswig-flensburg\/\" class=\"arrow\">Weiterlesen<\/a><\/p>\n","protected":false},"author":1,"featured_media":0,"parent":3526,"menu_order":0,"comment_status":"closed","ping_status":"closed","template":"page-templates\/standorte.php","meta":{"inline_featured_image":false,"footnotes":""},"class_list":["post-3671","page","type-page","status-publish","hentry"],"jetpack_sharing_enabled":true,"jetpack_shortlink":"https:\/\/wp.me\/P9sXiX-Xd","_links":{"self":[{"href":"https:\/\/www.debrige.de\/en\/wp-json\/wp\/v2\/pages\/3671","targetHints":{"allow":["GET"]}}],"collection":[{"href":"https:\/\/www.debrige.de\/en\/wp-json\/wp\/v2\/pages"}],"about":[{"href":"https:\/\/www.debrige.de\/en\/wp-json\/wp\/v2\/types\/page"}],"author":[{"embeddable":true,"href":"https:\/\/www.debrige.de\/en\/wp-json\/wp\/v2\/users\/1"}],"replies":[{"embeddable":true,"href":"https:\/\/www.debrige.de\/en\/wp-json\/wp\/v2\/comments?post=3671"}],"version-history":[{"count":2,"href":"https:\/\/www.debrige.de\/en\/wp-json\/wp\/v2\/pages\/3671\/revisions"}],"predecessor-version":[{"id":7508,"href":"https:\/\/www.debrige.de\/en\/wp-json\/wp\/v2\/pages\/3671\/revisions\/7508"}],"up":[{"embeddable":true,"href":"https:\/\/www.debrige.de\/en\/wp-json\/wp\/v2\/pages\/3526"}],"wp:attachment":[{"href":"https:\/\/www.debrige.de\/en\/wp-json\/wp\/v2\/media?parent=3671"}],"curies":[{"name":"wp","href":"https:\/\/api.w.org\/{rel}","templated":true}]}}