{"id":4594,"date":"2018-03-27T16:17:24","date_gmt":"2018-03-27T14:17:24","guid":{"rendered":"https:\/\/www.debrige.de\/?page_id=4594"},"modified":"2018-03-27T17:45:58","modified_gmt":"2018-03-27T15:45:58","slug":"muenchen","status":"publish","type":"page","link":"https:\/\/www.debrige.de\/en\/network\/muenchen\/","title":{"rendered":"Deutsch-Britische Gesellschaft M\u00fcnchen e.V."},"content":{"rendered":"<p>Die Deutsch-Britische Gesellschaft M\u00fcnchen e.V. wurde in den F\u00fcnfzigerjahren gegr\u00fcndet mit dem Ziel, die gegenseitigen Beziehungen auf kulturellem, politischem, wissenschaftlichem und wirtschaftlichem Gebiet zu vertiefen und dazu beizutragen, die Menschen beider Nationen durch F\u00f6rderung des gegenseitigen Verst\u00e4ndnisses einander n\u00e4herzubringen.<\/p>\n<p>Dazu veranstaltet die Gesellschaft monatlich Vortr\u00e4ge fachkompetenter herausragenden Pers\u00f6nlichkeiten aus den Gebieten Kultur, Politik, Wissenschaft und Wirtschaft. Die Vortr\u00e4ge werden in deutscher oder englischer Sprache gehalten gefolgt von einer Fragerunde und Diskussion bei einem Glas Wein.<\/p>\n<p>Dar\u00fcberhinaus organisiert der Verein f\u00fcr seine Mitglieder ein Sommerfest und eine Weihnachtsfeier wie auch Museums- und Kinobesuche sowie Exkursionen bei relevanten Anl\u00e4ssen. Damit bietet die Deutsch-Britische Gesellschaft vielf\u00e4ltige M\u00f6glichkeiten zum Austausch und zur Diskussion deutsch-britischer Themen.<\/p>\n<h3>Veranstaltungsort IBZ<\/h3>\n<p>Internationales Begegnungszentrum der Wissenschaft (IBZ)<br \/>\nAmalienstr. 38<br \/>\n80799 M\u00fcnchen<br \/>\n(U-Bahn Station U3, U6: Universit\u00e4t)<\/p>\n","protected":false},"excerpt":{"rendered":"<p>Die Deutsch-Britische Gesellschaft M\u00fcnchen e.V. wurde in den F\u00fcnfzigerjahren gegr\u00fcndet mit dem Ziel, die gegenseitigen Beziehungen auf kulturellem, politischem, wissenschaftlichem und wirtschaftlichem Gebiet\u2026 <a href=\"https:\/\/www.debrige.de\/en\/network\/muenchen\/\" class=\"arrow\">Weiterlesen<\/a><\/p>\n","protected":false},"author":10,"featured_media":0,"parent":3526,"menu_order":0,"comment_status":"closed","ping_status":"closed","template":"page-templates\/standorte.php","meta":{"inline_featured_image":false,"footnotes":""},"class_list":["post-4594","page","type-page","status-publish","hentry"],"jetpack_sharing_enabled":true,"jetpack_shortlink":"https:\/\/wp.me\/P9sXiX-1c6","_links":{"self":[{"href":"https:\/\/www.debrige.de\/en\/wp-json\/wp\/v2\/pages\/4594","targetHints":{"allow":["GET"]}}],"collection":[{"href":"https:\/\/www.debrige.de\/en\/wp-json\/wp\/v2\/pages"}],"about":[{"href":"https:\/\/www.debrige.de\/en\/wp-json\/wp\/v2\/types\/page"}],"author":[{"embeddable":true,"href":"https:\/\/www.debrige.de\/en\/wp-json\/wp\/v2\/users\/10"}],"replies":[{"embeddable":true,"href":"https:\/\/www.debrige.de\/en\/wp-json\/wp\/v2\/comments?post=4594"}],"version-history":[{"count":3,"href":"https:\/\/www.debrige.de\/en\/wp-json\/wp\/v2\/pages\/4594\/revisions"}],"predecessor-version":[{"id":4598,"href":"https:\/\/www.debrige.de\/en\/wp-json\/wp\/v2\/pages\/4594\/revisions\/4598"}],"up":[{"embeddable":true,"href":"https:\/\/www.debrige.de\/en\/wp-json\/wp\/v2\/pages\/3526"}],"wp:attachment":[{"href":"https:\/\/www.debrige.de\/en\/wp-json\/wp\/v2\/media?parent=4594"}],"curies":[{"name":"wp","href":"https:\/\/api.w.org\/{rel}","templated":true}]}}